{"id":340,"date":"2023-03-20T19:46:18","date_gmt":"2023-03-20T18:46:18","guid":{"rendered":"https:\/\/www.passionchrysanthemes.fr\/?page_id=340"},"modified":"2025-01-14T20:50:23","modified_gmt":"2025-01-14T19:50:23","slug":"evolution-des-adhesions","status":"publish","type":"page","link":"https:\/\/www.passionchrysanthemes.fr\/index.php\/vie-interne\/evolution-des-adhesions\/","title":{"rendered":"Evolution des adh\u00e9sions"},"content":{"rendered":"<p>&nbsp;<\/p>\n<p>&nbsp;<\/p>\n<p style=\"text-align: center;\">Nombre des adh\u00e9rents au Cercle des Amateurs de chrysanth\u00e8mes au 31 d\u00e9cembre 2024 : <strong>187<br \/>\n<\/strong>Le plus haut niveau depuis notre cr\u00e9ation<\/p>\n<p><img loading=\"lazy\" decoding=\"async\" class=\"alignnone size-large wp-image-604\" src=\"https:\/\/www.passionchrysanthemes.fr\/wp-content\/uploads\/2025\/01\/00-Evolution-adhesion-721x1024.jpg\" alt=\"\" width=\"640\" height=\"909\" srcset=\"https:\/\/www.passionchrysanthemes.fr\/wp-content\/uploads\/2025\/01\/00-Evolution-adhesion-721x1024.jpg 721w, https:\/\/www.passionchrysanthemes.fr\/wp-content\/uploads\/2025\/01\/00-Evolution-adhesion-211x300.jpg 211w, https:\/\/www.passionchrysanthemes.fr\/wp-content\/uploads\/2025\/01\/00-Evolution-adhesion-768x1091.jpg 768w, https:\/\/www.passionchrysanthemes.fr\/wp-content\/uploads\/2025\/01\/00-Evolution-adhesion-1081x1536.jpg 1081w, https:\/\/www.passionchrysanthemes.fr\/wp-content\/uploads\/2025\/01\/00-Evolution-adhesion-1442x2048.jpg 1442w, https:\/\/www.passionchrysanthemes.fr\/wp-content\/uploads\/2025\/01\/00-Evolution-adhesion.jpg 1663w\" sizes=\"auto, (max-width: 640px) 100vw, 640px\" \/><\/p>\n<p>&nbsp;<\/p>\n","protected":false},"excerpt":{"rendered":"<p>&nbsp; &nbsp; Nombre des adh\u00e9rents au Cercle des Amateurs de chrysanth\u00e8mes au 31 d\u00e9cembre 2024 : 187 Le plus haut niveau depuis notre cr\u00e9ation &nbsp;<\/p>\n","protected":false},"author":1,"featured_media":0,"parent":327,"menu_order":0,"comment_status":"closed","ping_status":"closed","template":"","meta":{"footnotes":""},"class_list":["post-340","page","type-page","status-publish","hentry"],"_links":{"self":[{"href":"https:\/\/www.passionchrysanthemes.fr\/index.php\/wp-json\/wp\/v2\/pages\/340","targetHints":{"allow":["GET"]}}],"collection":[{"href":"https:\/\/www.passionchrysanthemes.fr\/index.php\/wp-json\/wp\/v2\/pages"}],"about":[{"href":"https:\/\/www.passionchrysanthemes.fr\/index.php\/wp-json\/wp\/v2\/types\/page"}],"author":[{"embeddable":true,"href":"https:\/\/www.passionchrysanthemes.fr\/index.php\/wp-json\/wp\/v2\/users\/1"}],"replies":[{"embeddable":true,"href":"https:\/\/www.passionchrysanthemes.fr\/index.php\/wp-json\/wp\/v2\/comments?post=340"}],"version-history":[{"count":9,"href":"https:\/\/www.passionchrysanthemes.fr\/index.php\/wp-json\/wp\/v2\/pages\/340\/revisions"}],"predecessor-version":[{"id":605,"href":"https:\/\/www.passionchrysanthemes.fr\/index.php\/wp-json\/wp\/v2\/pages\/340\/revisions\/605"}],"up":[{"embeddable":true,"href":"https:\/\/www.passionchrysanthemes.fr\/index.php\/wp-json\/wp\/v2\/pages\/327"}],"wp:attachment":[{"href":"https:\/\/www.passionchrysanthemes.fr\/index.php\/wp-json\/wp\/v2\/media?parent=340"}],"curies":[{"name":"wp","href":"https:\/\/api.w.org\/{rel}","templated":true}]}}