{"id":309,"date":"2023-03-16T22:27:27","date_gmt":"2023-03-16T21:27:27","guid":{"rendered":"https:\/\/www.passionchrysanthemes.fr\/?page_id=309"},"modified":"2023-07-08T11:19:32","modified_gmt":"2023-07-08T09:19:32","slug":"nos-fleurissements","status":"publish","type":"page","link":"https:\/\/www.passionchrysanthemes.fr\/index.php\/nos-fleurissements\/","title":{"rendered":"Nos fleurissements"},"content":{"rendered":"<p>&nbsp;<\/p>\n<h2><a href=\"https:\/\/www.passionchrysanthemes.fr\/index.php\/nos-fleurissements\/rouen-la-salle-de-conference-2022\/\">Rouen : la salle de conf\u00e9rence (2022)<\/a><\/h2>\n<h2><a href=\"https:\/\/www.passionchrysanthemes.fr\/index.php\/nos-fleurissements\/frasne-les-meulieres-salle-de-conference-2021\/\">Frasne-l\u00e8s-Meuli\u00e8res : salle de conf\u00e9rence (2021)<\/a><\/h2>\n<h2><a href=\"https:\/\/www.passionchrysanthemes.fr\/index.php\/nos-fleurissements\/le-chateau-de-maulevrier-49-en-2017\/\">Le ch\u00e2teau de Maul\u00e9vrier\u00a0 en 49\u00a0 ( 2017 )<\/a><\/h2>\n<h2><a href=\"https:\/\/www.passionchrysanthemes.fr\/index.php\/nos-fleurissements\/la-chapelle-du-chateau-de-montigny-sur-aube-21-en-2016\/\">La chapelle du ch\u00e2teau de Montigny sur Aube en 21 ( 2016 )<\/a><\/h2>\n<h2><a href=\"https:\/\/www.passionchrysanthemes.fr\/index.php\/nos-fleurissements\/le-village-de-rainans-39-en-2015\/\">Le village de Rainans ( 2015 )<\/a><\/h2>\n<h2><a href=\"https:\/\/www.passionchrysanthemes.fr\/index.php\/nos-fleurissements\/les-ruines-de-labbaye-de-landevennec-29-en-2015\/\">Les ruines de l&rsquo;abbaye de Land\u00e9vennec en 29 ( 2015 )<\/a><\/h2>\n","protected":false},"excerpt":{"rendered":"<p>&nbsp; Rouen : la salle de conf\u00e9rence (2022) Frasne-l\u00e8s-Meuli\u00e8res : salle de conf\u00e9rence (2021) Le ch\u00e2teau de Maul\u00e9vrier\u00a0 en 49\u00a0 ( 2017 ) La chapelle du ch\u00e2teau de Montigny sur Aube en 21 ( 2016 ) Le village de Rainans &hellip; <a href=\"https:\/\/www.passionchrysanthemes.fr\/index.php\/nos-fleurissements\/\">Continuer la lecture <span class=\"meta-nav\">&rarr;<\/span><\/a><\/p>\n","protected":false},"author":1,"featured_media":0,"parent":0,"menu_order":0,"comment_status":"closed","ping_status":"closed","template":"","meta":{"footnotes":""},"class_list":["post-309","page","type-page","status-publish","hentry"],"_links":{"self":[{"href":"https:\/\/www.passionchrysanthemes.fr\/index.php\/wp-json\/wp\/v2\/pages\/309","targetHints":{"allow":["GET"]}}],"collection":[{"href":"https:\/\/www.passionchrysanthemes.fr\/index.php\/wp-json\/wp\/v2\/pages"}],"about":[{"href":"https:\/\/www.passionchrysanthemes.fr\/index.php\/wp-json\/wp\/v2\/types\/page"}],"author":[{"embeddable":true,"href":"https:\/\/www.passionchrysanthemes.fr\/index.php\/wp-json\/wp\/v2\/users\/1"}],"replies":[{"embeddable":true,"href":"https:\/\/www.passionchrysanthemes.fr\/index.php\/wp-json\/wp\/v2\/comments?post=309"}],"version-history":[{"count":4,"href":"https:\/\/www.passionchrysanthemes.fr\/index.php\/wp-json\/wp\/v2\/pages\/309\/revisions"}],"predecessor-version":[{"id":511,"href":"https:\/\/www.passionchrysanthemes.fr\/index.php\/wp-json\/wp\/v2\/pages\/309\/revisions\/511"}],"wp:attachment":[{"href":"https:\/\/www.passionchrysanthemes.fr\/index.php\/wp-json\/wp\/v2\/media?parent=309"}],"curies":[{"name":"wp","href":"https:\/\/api.w.org\/{rel}","templated":true}]}}