{"id":236,"date":"2023-03-14T14:37:45","date_gmt":"2023-03-14T13:37:45","guid":{"rendered":"https:\/\/www.passionchrysanthemes.fr\/?page_id=236"},"modified":"2023-03-20T22:02:45","modified_gmt":"2023-03-20T21:02:45","slug":"les-grosses-fleurs-a-eboutonner","status":"publish","type":"page","link":"https:\/\/www.passionchrysanthemes.fr\/index.php\/principales-categories-de-chrysanthemes\/les-grosses-fleurs-a-eboutonner\/","title":{"rendered":"Les grosses fleurs \u00e0 \u00e9boutonner"},"content":{"rendered":"<p>&nbsp;<\/p>\n<p>&nbsp;<\/p>\n<h2 style=\"text-align: center;\">Nous disposons de nombreuses vari\u00e9t\u00e9s en stock et nous en commandons chaque ann\u00e9e chez de grands multiplicateurs des nouvelles pour enrichir notre collection.<\/h2>\n<p>&nbsp;<\/p>\n<p>&nbsp;<\/p>\n<p><img loading=\"lazy\" decoding=\"async\" class=\"aligncenter wp-image-69 size-full\" src=\"https:\/\/www.passionchrysanthemes.fr\/wp-content\/uploads\/2023\/03\/cache_2455334511.png\" alt=\"\" width=\"643\" height=\"573\" srcset=\"https:\/\/www.passionchrysanthemes.fr\/wp-content\/uploads\/2023\/03\/cache_2455334511.png 643w, https:\/\/www.passionchrysanthemes.fr\/wp-content\/uploads\/2023\/03\/cache_2455334511-300x267.png 300w\" sizes=\"auto, (max-width: 643px) 100vw, 643px\" \/><\/p>\n<p style=\"text-align: center;\">Chama jaune<\/p>\n<hr \/>\n<p>&nbsp;<\/p>\n<p><img loading=\"lazy\" decoding=\"async\" class=\"aligncenter wp-image-70 size-full\" src=\"https:\/\/www.passionchrysanthemes.fr\/wp-content\/uploads\/2023\/03\/cache_2455334519.png\" alt=\"\" width=\"607\" height=\"549\" srcset=\"https:\/\/www.passionchrysanthemes.fr\/wp-content\/uploads\/2023\/03\/cache_2455334519.png 607w, https:\/\/www.passionchrysanthemes.fr\/wp-content\/uploads\/2023\/03\/cache_2455334519-300x271.png 300w\" sizes=\"auto, (max-width: 607px) 100vw, 607px\" \/><\/p>\n<p style=\"text-align: center;\">Chama violet<\/p>\n<hr \/>\n<p>&nbsp;<\/p>\n<p><img loading=\"lazy\" decoding=\"async\" class=\"aligncenter wp-image-71 \" src=\"https:\/\/www.passionchrysanthemes.fr\/wp-content\/uploads\/2023\/03\/cache_2455334524.png\" alt=\"\" width=\"478\" height=\"408\" \/><\/p>\n<p>&nbsp;<\/p>\n<p style=\"text-align: center;\">Lou-lyne<\/p>\n","protected":false},"excerpt":{"rendered":"<p>&nbsp; &nbsp; Nous disposons de nombreuses vari\u00e9t\u00e9s en stock et nous en commandons chaque ann\u00e9e chez de grands multiplicateurs des nouvelles pour enrichir notre collection. &nbsp; &nbsp; Chama jaune &nbsp; Chama violet &nbsp; &nbsp; Lou-lyne<\/p>\n","protected":false},"author":1,"featured_media":0,"parent":228,"menu_order":0,"comment_status":"closed","ping_status":"closed","template":"","meta":{"footnotes":""},"class_list":["post-236","page","type-page","status-publish","hentry"],"_links":{"self":[{"href":"https:\/\/www.passionchrysanthemes.fr\/index.php\/wp-json\/wp\/v2\/pages\/236","targetHints":{"allow":["GET"]}}],"collection":[{"href":"https:\/\/www.passionchrysanthemes.fr\/index.php\/wp-json\/wp\/v2\/pages"}],"about":[{"href":"https:\/\/www.passionchrysanthemes.fr\/index.php\/wp-json\/wp\/v2\/types\/page"}],"author":[{"embeddable":true,"href":"https:\/\/www.passionchrysanthemes.fr\/index.php\/wp-json\/wp\/v2\/users\/1"}],"replies":[{"embeddable":true,"href":"https:\/\/www.passionchrysanthemes.fr\/index.php\/wp-json\/wp\/v2\/comments?post=236"}],"version-history":[{"count":1,"href":"https:\/\/www.passionchrysanthemes.fr\/index.php\/wp-json\/wp\/v2\/pages\/236\/revisions"}],"predecessor-version":[{"id":237,"href":"https:\/\/www.passionchrysanthemes.fr\/index.php\/wp-json\/wp\/v2\/pages\/236\/revisions\/237"}],"up":[{"embeddable":true,"href":"https:\/\/www.passionchrysanthemes.fr\/index.php\/wp-json\/wp\/v2\/pages\/228"}],"wp:attachment":[{"href":"https:\/\/www.passionchrysanthemes.fr\/index.php\/wp-json\/wp\/v2\/media?parent=236"}],"curies":[{"name":"wp","href":"https:\/\/api.w.org\/{rel}","templated":true}]}}