{"id":233,"date":"2023-03-13T18:55:00","date_gmt":"2023-03-13T17:55:00","guid":{"rendered":"https:\/\/www.passionchrysanthemes.fr\/?page_id=233"},"modified":"2023-03-13T18:55:00","modified_gmt":"2023-03-13T17:55:00","slug":"les-varietes-pour-cascade","status":"publish","type":"page","link":"https:\/\/www.passionchrysanthemes.fr\/index.php\/principales-categories-de-chrysanthemes\/les-varietes-pour-cascade\/","title":{"rendered":"Les vari\u00e9t\u00e9s pour cascade"},"content":{"rendered":"<p>&nbsp;<\/p>\n<p>&nbsp;<\/p>\n<p><img loading=\"lazy\" decoding=\"async\" class=\"aligncenter wp-image-66 size-full\" src=\"https:\/\/www.passionchrysanthemes.fr\/wp-content\/uploads\/2023\/03\/cache_2455198541.png\" alt=\"\" width=\"643\" height=\"555\" srcset=\"https:\/\/www.passionchrysanthemes.fr\/wp-content\/uploads\/2023\/03\/cache_2455198541.png 643w, https:\/\/www.passionchrysanthemes.fr\/wp-content\/uploads\/2023\/03\/cache_2455198541-300x259.png 300w\" sizes=\"auto, (max-width: 643px) 100vw, 643px\" \/><\/p>\n<p>&nbsp;<\/p>\n<p><img loading=\"lazy\" decoding=\"async\" class=\"aligncenter wp-image-68 size-full\" src=\"https:\/\/www.passionchrysanthemes.fr\/wp-content\/uploads\/2023\/03\/cache_2455200501.png\" alt=\"\" width=\"220\" height=\"254\" \/><\/p>\n<p>&nbsp;<\/p>\n<h2 style=\"text-align: center;\">Nous disposons de nombreuses vari\u00e9t\u00e9s en stock et nous en commandons chaque ann\u00e9e chez de grands multiplicateurs de nouvelles pour enrichir notre collection.<\/h2>\n<p>&nbsp;<\/p>\n<p><img loading=\"lazy\" decoding=\"async\" class=\"size-full wp-image-67 aligncenter\" src=\"https:\/\/www.passionchrysanthemes.fr\/wp-content\/uploads\/2023\/03\/cache_2455200497.png\" alt=\"\" width=\"136\" height=\"281\" \/><\/p>\n","protected":false},"excerpt":{"rendered":"<p>&nbsp; &nbsp; &nbsp; &nbsp; Nous disposons de nombreuses vari\u00e9t\u00e9s en stock et nous en commandons chaque ann\u00e9e chez de grands multiplicateurs de nouvelles pour enrichir notre collection. &nbsp;<\/p>\n","protected":false},"author":1,"featured_media":0,"parent":228,"menu_order":0,"comment_status":"closed","ping_status":"closed","template":"","meta":{"footnotes":""},"class_list":["post-233","page","type-page","status-publish","hentry"],"_links":{"self":[{"href":"https:\/\/www.passionchrysanthemes.fr\/index.php\/wp-json\/wp\/v2\/pages\/233","targetHints":{"allow":["GET"]}}],"collection":[{"href":"https:\/\/www.passionchrysanthemes.fr\/index.php\/wp-json\/wp\/v2\/pages"}],"about":[{"href":"https:\/\/www.passionchrysanthemes.fr\/index.php\/wp-json\/wp\/v2\/types\/page"}],"author":[{"embeddable":true,"href":"https:\/\/www.passionchrysanthemes.fr\/index.php\/wp-json\/wp\/v2\/users\/1"}],"replies":[{"embeddable":true,"href":"https:\/\/www.passionchrysanthemes.fr\/index.php\/wp-json\/wp\/v2\/comments?post=233"}],"version-history":[{"count":1,"href":"https:\/\/www.passionchrysanthemes.fr\/index.php\/wp-json\/wp\/v2\/pages\/233\/revisions"}],"predecessor-version":[{"id":234,"href":"https:\/\/www.passionchrysanthemes.fr\/index.php\/wp-json\/wp\/v2\/pages\/233\/revisions\/234"}],"up":[{"embeddable":true,"href":"https:\/\/www.passionchrysanthemes.fr\/index.php\/wp-json\/wp\/v2\/pages\/228"}],"wp:attachment":[{"href":"https:\/\/www.passionchrysanthemes.fr\/index.php\/wp-json\/wp\/v2\/media?parent=233"}],"curies":[{"name":"wp","href":"https:\/\/api.w.org\/{rel}","templated":true}]}}