{"id":170,"date":"2023-03-13T17:19:19","date_gmt":"2023-03-13T16:19:19","guid":{"rendered":"https:\/\/www.passionchrysanthemes.fr\/?page_id=170"},"modified":"2023-03-13T17:21:06","modified_gmt":"2023-03-13T16:21:06","slug":"definitions","status":"publish","type":"page","link":"https:\/\/www.passionchrysanthemes.fr\/index.php\/definitions\/","title":{"rendered":"D\u00e9finitions"},"content":{"rendered":"<div class=\"n module-type-header diyfeLiveArea \">\n<h1><\/h1>\n<\/div>\n<div class=\"n module-type-text diyfeLiveArea \">\n<p><strong>Androc\u00e9e :<\/strong><\/p>\n<p>Organe m\u00e2le d&rsquo;une fleur, synonyme : \u00e9tamines<\/p>\n<p>&nbsp;<\/p>\n<p><strong>Ao\u00fbt\u00e9 :<\/strong><\/p>\n<p>Litt\u00e9rallement, \u00ab\u00a0qui a pass\u00e9 le mois d&rsquo;ao\u00fbt\u00a0\u00bb,\u00a0v\u00e9g\u00e9tal dont les tissus se sont durcis voire partiellement recouverts d&rsquo;\u00e9corce avant l&rsquo;hiver (lignification).<\/p>\n<p>&nbsp;<\/p>\n<p><strong>Autopincement :<\/strong><\/p>\n<p>Facult\u00e9 qu&rsquo;on certains v\u00e9g\u00e9taux de mettre fin \u00e0 la croissance en longueur de leurs tiges pour les obliger \u00e0 se ramifier naturellement.<\/p>\n<p>&nbsp;<\/p>\n<p>&nbsp;<\/p>\n<p><strong>Biotope :<\/strong><\/p>\n<p>Environnement naturel propre \u00e0 un individu ou une esp\u00e8ce.<\/p>\n<p>&nbsp;<\/p>\n<p><strong>Bouture :<\/strong><\/p>\n<p>M\u00eame radical que \u00ab\u00a0bout\u201c, fragment de v\u00e9g\u00e9tal s\u00e9paf\u00e9 de son pied d&rsquo;origine destin\u00e9 \u00e0 produire ses propres racines.<\/p>\n<p>&nbsp;<\/p>\n<p><strong>Capitule :<\/strong><\/p>\n<p>Inflorescence regroupant de nombreuses petites fleurs resserr\u00e9es les unes contre les autres sur un m\u00eame r\u00e9ceptacle.<\/p>\n<p>&nbsp;<\/p>\n<p><strong>Collet :<\/strong><\/p>\n<p>Ligne de s\u00e9paration entre la racine d&rsquo;une plante et le d\u00e9but de sa tige.<\/p>\n<p>&nbsp;<\/p>\n<p><strong>Cultivar :<\/strong><\/p>\n<p>Vari\u00e9t\u00e9 horticole s\u00e9lectionn\u00e9e issue d&rsquo;une esp\u00e8ce botanique.<\/p>\n<p>&nbsp;<\/p>\n<p><strong>Drageon :<\/strong><\/p>\n<p>Rejet qui na\u00eet au pied d&rsquo;un v\u00e9g\u00e9tal, partiellement ou totalement enracin\u00e9,mais encore attach\u00e9 \u00e0 la plante d&rsquo;origine.<\/p>\n<p>&nbsp;<\/p>\n<p><strong>Eboutonner :<\/strong><\/p>\n<p>Supprimer une partie des boutons floraux au b\u00e9n\u00e9fice d&rsquo;autres qui recevront davantage de s\u00e8ve.<\/p>\n<p>&nbsp;<\/p>\n<p><strong>Ebourgeonner :<\/strong><\/p>\n<p>Chez le chrysanth\u00e8me, c&rsquo;est supprimer les bourgeons foliaires qui poussent \u00e0 la base de chaque feuille dans le but d&rsquo;\u00e9viter la formation de tiges secondaires qui nuiraient \u00e0 la croissance de la fleur unique conserv\u00e9e \u00e0 l&rsquo;extr\u00e9mit\u00e9 de la tige principale.<\/p>\n<p>&nbsp;<\/p>\n<p><strong>Entre-noeud :<\/strong><\/p>\n<p>Distance qui s\u00e9pare deux bourgeons ou deux feuilles sur une m\u00eame tige.<\/p>\n<p>&nbsp;<\/p>\n<p><strong>Foliac\u00e9 :<\/strong><\/p>\n<p>De la nature des feuilles.<\/p>\n<p>&nbsp;<\/p>\n<p><strong>Foliaire :<\/strong><\/p>\n<p>Se dit d&rsquo;un bourgeon destin\u00e9 \u00e0 produire tige et feuillage en opposition \u00e0 un bouton floral dont la vocation est de se tranformer en inflorescence.<\/p>\n<p>&nbsp;<\/p>\n<p><strong>G\u00e9notype :<\/strong><\/p>\n<p>Ensemble des facteurs g\u00e9n\u00e9tiques qui constituent un individu ou une lign\u00e9e d&rsquo;individus.<\/p>\n<p>&nbsp;<\/p>\n<p><strong>Gyn\u00e9c\u00e9e :<\/strong><\/p>\n<p>Organe femelle de la fleur ou encore pistil.<\/p>\n<p>&nbsp;<\/p>\n<p><strong>Hors-sol :<\/strong><\/p>\n<p>Se dit d&rsquo;une culture au cours de laquelle les v\u00e9g\u00e9taux cultiv\u00e9s n&rsquo;utiliseent pas le sol comme milieu naturel. Culture faite sur table ou sur toile afin d&rsquo;\u00e9viter que les racines ne p\u00e9n\u00e8trent dans le sol.<\/p>\n<p>&nbsp;<\/p>\n<p><strong>Hybrider :<\/strong><\/p>\n<p>Croiser par pollinisation deux esp\u00e8ces diff\u00e9rentes ou deux vari\u00e9t\u00e9s d&rsquo;hybrides.<\/p>\n<p>&nbsp;<\/p>\n<p><strong>Inflorescence :<\/strong><\/p>\n<p>Fleur, voir capitule.<\/p>\n<p>&nbsp;<\/p>\n<p><strong>Lev\u00e9e :<\/strong><\/p>\n<p>Synonyme de germination pour une graine.<\/p>\n<p>&nbsp;<\/p>\n<p><strong>Lignifi\u00e9 :<\/strong><\/p>\n<p>Se dit d&rsquo;une portion de v\u00e9g\u00e9tal qui s&rsquo;est chang\u00e9e en bois (recouverte partiellement ou totalement d&rsquo;une \u00e9corce). Voir aussi \u00ab\u00a0ao\u00fbt\u00e9\u00a0\u00bb.<\/p>\n<p>&nbsp;<\/p>\n<p><strong>Ligule :<\/strong><\/p>\n<p>Mot f\u00e9minin signifiant \u00ab\u00a0petite langue\u00a0\u00bb et qui d\u00e9signe le p\u00e9tale chez le chrysanth\u00e8me.<\/p>\n<p>&nbsp;<\/p>\n<p><strong>Marcottage :<\/strong><\/p>\n<p>Action d&rsquo;enterrer une tige d&rsquo;un v\u00e9g\u00e9tal afin qu&rsquo;elle s&rsquo;enracine d&rsquo;elle-m\u00eame avant d&rsquo;\u00eatre s\u00e9par\u00e9e de son pied.<\/p>\n<p>&nbsp;<\/p>\n<p><strong>Mouchetage :<\/strong><\/p>\n<p>Tr\u00e8s l\u00e9g\u00e8re taille de l&rsquo;extr\u00e9mit\u00e9 d&rsquo;une tige. La partie supprim\u00e9e est de toute petite taille.<\/p>\n<p>Voir aussi \u00ab\u00a0pincer\u00a0\u00bb.<\/p>\n<p>&nbsp;<\/p>\n<p><strong>Multifleurs :<\/strong><\/p>\n<p>Vari\u00e9t\u00e9s modernes de chrysanth\u00e8mes \u00e0 petites fleurs qui se ramifient par autopincement.<\/p>\n<p>&nbsp;<\/p>\n<p><strong>Ph\u00e9notype :<\/strong><\/p>\n<p>Ensemble des crit\u00e8res g\u00e9n\u00e9tiques apparents (couleurs, forme des feuilles,etc.).<\/p>\n<p>&nbsp;<\/p>\n<p><strong>Photop\u00e9riodisme :<\/strong><\/p>\n<p>Ensemble des ph\u00e9nom\u00e8nes qui font r\u00e9agir un v\u00e9g\u00e9tal \u00e0 la longueur du jour ou de la nuit.<\/p>\n<p>&nbsp;<\/p>\n<p><strong>Phytotoxicit\u00e9 :<\/strong><\/p>\n<p>Atteinte, trouble organique ou physiologique d&rsquo;un v\u00e9g\u00e9tal caus\u00e9s par un \u00e9l\u00e9ment ext\u00e9rieur.<\/p>\n<p>&nbsp;<\/p>\n<p><strong>Pied :<\/strong><\/p>\n<p>Synonyme d&rsquo;individu pour un v\u00e9g\u00e9tal, de sujet, plante,etc..<\/p>\n<p>&nbsp;<\/p>\n<p><strong>Pincer :<\/strong><\/p>\n<p>Couper une portion de v\u00e9g\u00e9tal \u00e0 l&rsquo;aide des doigts.<\/p>\n<p>&nbsp;<\/p>\n<p><strong>Rabattre :<\/strong><\/p>\n<p>Tailler s\u00e9v\u00e8rement une plante, parfois jusqu&rsquo;au niveau du sol, \u00e0 l&rsquo;aide d&rsquo;un outil.<\/p>\n<p>&nbsp;<\/p>\n<p><strong>Relever :<\/strong><\/p>\n<p>Se dit d&rsquo;un v\u00e9g\u00e9tal ayant pouss\u00e9 en pleine terre et que l&rsquo;on arrache avec toute sa motte pour le transplanter ailleurs.<\/p>\n<p>&nbsp;<\/p>\n<p><strong>Repiquer :<\/strong><\/p>\n<p>Transplanter (pour un jeune plant).<\/p>\n<p>&nbsp;<\/p>\n<p><strong>R\u00e9server le bouton :<\/strong><\/p>\n<p>Choisir un bouton floral, le \u00ab\u00a0conserver\u00a0\u00bb en supprimant tous ses rivaux.<\/p>\n<p>&nbsp;<\/p>\n<p><strong>Sport :<\/strong><\/p>\n<p>Variation cons\u00e9cutive \u00e0 une mutation g\u00e9n\u00e9tique.<\/p>\n<p>&nbsp;<\/p>\n<p><strong>Stolon :<\/strong><\/p>\n<p>Tige a\u00e9rienne, rampante, termin\u00e9e par un bourgeon qui s&rsquo;enracine au contact du sol. Mode de multiplication des fraisiers. Sorte de marcotte naturelle.<\/p>\n<p>&nbsp;<\/p>\n<p><strong>Stigmate :<\/strong><\/p>\n<p>Terminaison de l&rsquo;organe g\u00e9nital femelle de certaines plantes sur lequel se d\u00e9pose le pollen.<\/p>\n<p>&nbsp;<\/p>\n<p><strong>Transplanter :<\/strong><\/p>\n<p>Arracher un v\u00e9g\u00e9tal pour le planter ailleurs.<\/p>\n<p>&nbsp;<\/p>\n<p><strong>Uniflore :<\/strong><\/p>\n<p>Plante florale chez laquelle on ne conserve qu&rsquo;une seule fleur par tige afin d&rsquo;en augmenter la dimension.<\/p>\n<\/div>\n","protected":false},"excerpt":{"rendered":"<p>Androc\u00e9e : Organe m\u00e2le d&rsquo;une fleur, synonyme : \u00e9tamines &nbsp; Ao\u00fbt\u00e9 : Litt\u00e9rallement, \u00ab\u00a0qui a pass\u00e9 le mois d&rsquo;ao\u00fbt\u00a0\u00bb,\u00a0v\u00e9g\u00e9tal dont les tissus se sont durcis voire partiellement recouverts d&rsquo;\u00e9corce avant l&rsquo;hiver (lignification). &nbsp; Autopincement : Facult\u00e9 qu&rsquo;on certains v\u00e9g\u00e9taux de &hellip; <a href=\"https:\/\/www.passionchrysanthemes.fr\/index.php\/definitions\/\">Continuer la lecture <span class=\"meta-nav\">&rarr;<\/span><\/a><\/p>\n","protected":false},"author":1,"featured_media":0,"parent":0,"menu_order":0,"comment_status":"closed","ping_status":"closed","template":"","meta":{"footnotes":""},"class_list":["post-170","page","type-page","status-publish","hentry"],"_links":{"self":[{"href":"https:\/\/www.passionchrysanthemes.fr\/index.php\/wp-json\/wp\/v2\/pages\/170","targetHints":{"allow":["GET"]}}],"collection":[{"href":"https:\/\/www.passionchrysanthemes.fr\/index.php\/wp-json\/wp\/v2\/pages"}],"about":[{"href":"https:\/\/www.passionchrysanthemes.fr\/index.php\/wp-json\/wp\/v2\/types\/page"}],"author":[{"embeddable":true,"href":"https:\/\/www.passionchrysanthemes.fr\/index.php\/wp-json\/wp\/v2\/users\/1"}],"replies":[{"embeddable":true,"href":"https:\/\/www.passionchrysanthemes.fr\/index.php\/wp-json\/wp\/v2\/comments?post=170"}],"version-history":[{"count":2,"href":"https:\/\/www.passionchrysanthemes.fr\/index.php\/wp-json\/wp\/v2\/pages\/170\/revisions"}],"predecessor-version":[{"id":173,"href":"https:\/\/www.passionchrysanthemes.fr\/index.php\/wp-json\/wp\/v2\/pages\/170\/revisions\/173"}],"wp:attachment":[{"href":"https:\/\/www.passionchrysanthemes.fr\/index.php\/wp-json\/wp\/v2\/media?parent=170"}],"curies":[{"name":"wp","href":"https:\/\/api.w.org\/{rel}","templated":true}]}}